{"id":87,"date":"2013-08-11T19:06:15","date_gmt":"2013-08-11T19:06:15","guid":{"rendered":"http:\/\/localhost:8888\/test\/?page_id=520"},"modified":"2020-05-11T17:52:25","modified_gmt":"2020-05-11T17:52:25","slug":"empresa","status":"publish","type":"page","link":"https:\/\/gruporiomedica.com.br\/produtos\/empresa\/","title":{"rendered":"Empresa"},"content":{"rendered":"\t<section class=\"section\" id=\"section_39593031\">\n\t\t<div class=\"bg section-bg fill bg-fill  bg-loaded\" >\n\n\t\t\t\n\t\t\t\n\t\t\t\n\n\t\t<\/div>\n\n\t\t\n\n\t\t<div class=\"section-content relative\">\n\t\t\t\n\t<div class=\"img has-hover x md-x lg-x y md-y lg-y\" id=\"image_795588128\">\n\t\t\t\t\t\t\t\t<div class=\"img-inner image-cover dark\" style=\"padding-top:450px;\">\n\t\t\t<img loading=\"lazy\" decoding=\"async\" width=\"900\" height=\"600\" src=\"https:\/\/gruporiomedica.com.br\/produtos\/wp-content\/uploads\/2019\/10\/4.jpg\" class=\"attachment-large size-large\" alt=\"\" srcset=\"https:\/\/gruporiomedica.com.br\/produtos\/wp-content\/uploads\/2019\/10\/4.jpg 900w, https:\/\/gruporiomedica.com.br\/produtos\/wp-content\/uploads\/2019\/10\/4-600x400.jpg 600w, https:\/\/gruporiomedica.com.br\/produtos\/wp-content\/uploads\/2019\/10\/4-768x512.jpg 768w\" sizes=\"auto, (max-width: 900px) 100vw, 900px\" \/>\t\t\t\t\t\t\n\t\t\t\t\t<\/div>\n\t\t\t\t\t\t\t\t\n<style>\n#image_795588128 {\n  width: 100%;\n}\n<\/style>\n\t<\/div>\n\t\n\t\t<\/div>\n\n\t\t\n<style>\n#section_39593031 {\n  padding-top: 0px;\n  padding-bottom: 0px;\n}\n#section_39593031 .ux-shape-divider--top svg {\n  height: 150px;\n  --divider-top-width: 100%;\n}\n#section_39593031 .ux-shape-divider--bottom svg {\n  height: 150px;\n  --divider-width: 100%;\n}\n<\/style>\n\t<\/section>\n\t\n<div class=\"row\"  id=\"row-1274374910\">\n\n\t<div id=\"col-1461549082\" class=\"col medium-4 small-12 large-4\"  >\n\t\t\t\t<div class=\"col-inner\"  >\n\t\t\t\n\t\t\t\n\t<div class=\"img has-hover x md-x lg-x y md-y lg-y\" id=\"image_1240395915\">\n\t\t<a class=\"image-lightbox lightbox-gallery\" title=\"\" href=\"https:\/\/gruporiomedica.com.br\/produtos\/wp-content\/uploads\/2019\/10\/MVI_9272.MOV.Still001-1400x788.jpg\">\t\t\t\t\t\t<div class=\"img-inner image-cover dark\" style=\"padding-top:215px;\">\n\t\t\t<img loading=\"lazy\" decoding=\"async\" width=\"1020\" height=\"574\" src=\"https:\/\/gruporiomedica.com.br\/produtos\/wp-content\/uploads\/2019\/10\/MVI_9272.MOV.Still001-1400x788.jpg\" class=\"attachment-large size-large\" alt=\"\" srcset=\"https:\/\/gruporiomedica.com.br\/produtos\/wp-content\/uploads\/2019\/10\/MVI_9272.MOV.Still001-1400x788.jpg 1400w, https:\/\/gruporiomedica.com.br\/produtos\/wp-content\/uploads\/2019\/10\/MVI_9272.MOV.Still001-711x400.jpg 711w, https:\/\/gruporiomedica.com.br\/produtos\/wp-content\/uploads\/2019\/10\/MVI_9272.MOV.Still001-768x432.jpg 768w, https:\/\/gruporiomedica.com.br\/produtos\/wp-content\/uploads\/2019\/10\/MVI_9272.MOV.Still001-600x338.jpg 600w, https:\/\/gruporiomedica.com.br\/produtos\/wp-content\/uploads\/2019\/10\/MVI_9272.MOV.Still001.jpg 1920w\" sizes=\"auto, (max-width: 1020px) 100vw, 1020px\" \/>\t\t\t\t\t\t\n\t\t\t\t\t<\/div>\n\t\t\t\t\t\t<\/a>\t\t\n<style>\n#image_1240395915 {\n  width: 100%;\n}\n<\/style>\n\t<\/div>\n\t\n\t\t<\/div>\n\t\t\t\t\t<\/div>\n\n\t\n\n\t<div id=\"col-409045515\" class=\"col medium-4 small-12 large-4\"  >\n\t\t\t\t<div class=\"col-inner\"  >\n\t\t\t\n\t\t\t\n\t<div class=\"img has-hover x md-x lg-x y md-y lg-y\" id=\"image_12880764\">\n\t\t<a class=\"image-lightbox lightbox-gallery\" title=\"\" href=\"https:\/\/gruporiomedica.com.br\/produtos\/wp-content\/uploads\/2019\/10\/riomedica-rio-preto.jpg\">\t\t\t\t\t\t<div class=\"img-inner image-cover dark\" style=\"padding-top:217px;\">\n\t\t\t<img loading=\"lazy\" decoding=\"async\" width=\"1020\" height=\"465\" src=\"https:\/\/gruporiomedica.com.br\/produtos\/wp-content\/uploads\/2019\/10\/riomedica-rio-preto.jpg\" class=\"attachment-large size-large\" alt=\"\" srcset=\"https:\/\/gruporiomedica.com.br\/produtos\/wp-content\/uploads\/2019\/10\/riomedica-rio-preto.jpg 1200w, https:\/\/gruporiomedica.com.br\/produtos\/wp-content\/uploads\/2019\/10\/riomedica-rio-preto-800x365.jpg 800w, https:\/\/gruporiomedica.com.br\/produtos\/wp-content\/uploads\/2019\/10\/riomedica-rio-preto-768x350.jpg 768w, https:\/\/gruporiomedica.com.br\/produtos\/wp-content\/uploads\/2019\/10\/riomedica-rio-preto-600x274.jpg 600w\" sizes=\"auto, (max-width: 1020px) 100vw, 1020px\" \/>\t\t\t\t\t\t\n\t\t\t\t\t<\/div>\n\t\t\t\t\t\t<\/a>\t\t\n<style>\n#image_12880764 {\n  width: 100%;\n}\n<\/style>\n\t<\/div>\n\t\n\t\t<\/div>\n\t\t\t\t\t<\/div>\n\n\t\n\n\t<div id=\"col-1083979269\" class=\"col medium-4 small-12 large-4\"  >\n\t\t\t\t<div class=\"col-inner\"  >\n\t\t\t\n\t\t\t\n\t<div class=\"img has-hover x md-x lg-x y md-y lg-y\" id=\"image_1029160494\">\n\t\t<a class=\"image-lightbox lightbox-gallery\" title=\"\" href=\"https:\/\/gruporiomedica.com.br\/produtos\/wp-content\/uploads\/2019\/10\/3.jpg\">\t\t\t\t\t\t<div class=\"img-inner dark\" >\n\t\t\t<img loading=\"lazy\" decoding=\"async\" width=\"900\" height=\"600\" src=\"https:\/\/gruporiomedica.com.br\/produtos\/wp-content\/uploads\/2019\/10\/3.jpg\" class=\"attachment-large size-large\" alt=\"\" srcset=\"https:\/\/gruporiomedica.com.br\/produtos\/wp-content\/uploads\/2019\/10\/3.jpg 900w, https:\/\/gruporiomedica.com.br\/produtos\/wp-content\/uploads\/2019\/10\/3-600x400.jpg 600w, https:\/\/gruporiomedica.com.br\/produtos\/wp-content\/uploads\/2019\/10\/3-768x512.jpg 768w\" sizes=\"auto, (max-width: 900px) 100vw, 900px\" \/>\t\t\t\t\t\t\n\t\t\t\t\t<\/div>\n\t\t\t\t\t\t<\/a>\t\t\n<style>\n#image_1029160494 {\n  width: 100%;\n}\n<\/style>\n\t<\/div>\n\t\n\t\t<\/div>\n\t\t\t\t\t<\/div>\n\n\t\n<\/div>\n\t<section class=\"section\" id=\"section_40875229\">\n\t\t<div class=\"bg section-bg fill bg-fill  bg-loaded\" >\n\n\t\t\t\n\t\t\t\n\t\t\t\n\n\t\t<\/div>\n\n\t\t\n\n\t\t<div class=\"section-content relative\">\n\t\t\t\n<div class=\"row\"  id=\"row-184330818\">\n\n\t<div id=\"col-2081699682\" class=\"col small-12 large-12\"  >\n\t\t\t\t<div class=\"col-inner text-center\"  >\n\t\t\t\n\t\t\t\n\t<div id=\"gap-1371581619\" class=\"gap-element clearfix\" style=\"display:block; height:auto;\">\n\t\t\n<style>\n#gap-1371581619 {\n  padding-top: 2px;\n}\n<\/style>\n\t<\/div>\n\t\n<h4 style=\"text-align: justify;\"><span style=\"font-family: rrrrr; color: #000000;\">Desde 1967 a RIOM\u00c9DICA \u00e9 refer\u00eancia no segmento de venda e loca\u00e7\u00e3o de equipamentos m\u00e9dicos hospitalares para S\u00e3o Jos\u00e9 do Rio Preto e regi\u00e3o, oferecendo um linha ampla de produtos aliados um atendimento exclusivo e especializado.<\/span><\/h4>\n<h4 style=\"text-align: justify;\"><span style=\"font-family: rrrrr; color: #000000;\">Trabalhamos com uma diversificada de produtos nutricionais e representamos as melhores marcas do mercado nutri\u00e7\u00e3o e suplementos direcionados para todas as idades.<\/span><\/h4>\n\t\t<\/div>\n\t\t\t\t\n<style>\n#col-2081699682 > .col-inner {\n  padding: 0px 10px 0px 20px;\n}\n<\/style>\n\t<\/div>\n\n\t\n<\/div>\n\t\t<\/div>\n\n\t\t\n<style>\n#section_40875229 {\n  padding-top: 25px;\n  padding-bottom: 25px;\n}\n#section_40875229 .ux-shape-divider--top svg {\n  height: 150px;\n  --divider-top-width: 100%;\n}\n#section_40875229 .ux-shape-divider--bottom svg {\n  height: 150px;\n  --divider-width: 100%;\n}\n<\/style>\n\t<\/section>\n\t\n\t<section class=\"section\" id=\"section_139819276\">\n\t\t<div class=\"bg section-bg fill bg-fill  bg-loaded\" >\n\n\t\t\t\n\t\t\t\n\t\t\t\n\n\t\t<\/div>\n\n\t\t\n\n\t\t<div class=\"section-content relative\">\n\t\t\t\n\t<div class=\"img has-hover x md-x lg-x y md-y lg-y\" id=\"image_974385854\">\n\t\t\t\t\t\t\t\t<div class=\"img-inner dark\" >\n\t\t\t<img loading=\"lazy\" decoding=\"async\" width=\"1020\" height=\"242\" src=\"https:\/\/gruporiomedica.com.br\/produtos\/wp-content\/uploads\/2019\/10\/WhatsApp-Image-2019-10-29-at-7.45.33-AM.jpeg\" class=\"attachment-large size-large\" alt=\"\" srcset=\"https:\/\/gruporiomedica.com.br\/produtos\/wp-content\/uploads\/2019\/10\/WhatsApp-Image-2019-10-29-at-7.45.33-AM.jpeg 1280w, https:\/\/gruporiomedica.com.br\/produtos\/wp-content\/uploads\/2019\/10\/WhatsApp-Image-2019-10-29-at-7.45.33-AM-800x190.jpeg 800w, https:\/\/gruporiomedica.com.br\/produtos\/wp-content\/uploads\/2019\/10\/WhatsApp-Image-2019-10-29-at-7.45.33-AM-768x182.jpeg 768w, https:\/\/gruporiomedica.com.br\/produtos\/wp-content\/uploads\/2019\/10\/WhatsApp-Image-2019-10-29-at-7.45.33-AM-600x143.jpeg 600w\" sizes=\"auto, (max-width: 1020px) 100vw, 1020px\" \/>\t\t\t\t\t\t\n\t\t\t\t\t<\/div>\n\t\t\t\t\t\t\t\t\n<style>\n#image_974385854 {\n  width: 100%;\n}\n<\/style>\n\t<\/div>\n\t\n\t\t<\/div>\n\n\t\t\n<style>\n#section_139819276 {\n  padding-top: 30px;\n  padding-bottom: 30px;\n}\n#section_139819276 .ux-shape-divider--top svg {\n  height: 150px;\n  --divider-top-width: 100%;\n}\n#section_139819276 .ux-shape-divider--bottom svg {\n  height: 150px;\n  --divider-width: 100%;\n}\n<\/style>\n\t<\/section>\n\t\n\t<section class=\"section\" id=\"section_447260209\">\n\t\t<div class=\"bg section-bg fill bg-fill  bg-loaded\" >\n\n\t\t\t\n\t\t\t\n\t\t\t\n\n\t\t<\/div>\n\n\t\t\n\n\t\t<div class=\"section-content relative\">\n\t\t\t\n<div class=\"row\"  id=\"row-1513619365\">\n\n\t<div id=\"col-293802373\" class=\"col small-12 large-12\"  >\n\t\t\t\t<div class=\"col-inner text-center\"  >\n\t\t\t\n\t\t\t\n\t<div id=\"gap-156794228\" class=\"gap-element clearfix\" style=\"display:block; height:auto;\">\n\t\t\n<style>\n#gap-156794228 {\n  padding-top: 2px;\n}\n<\/style>\n\t<\/div>\n\t\n<h4 style=\"text-align: justify;\"><span style=\"font-family: rrrrr; color: #000000;\">Contamos com um Disk Entrega \u00e1gil e inteligente para oferecer a voc\u00ea os melhores produtos com a comodidade e conforto que voc\u00ea merece.<\/span><\/h4>\n\t\t<\/div>\n\t\t\t\t\n<style>\n#col-293802373 > .col-inner {\n  padding: 0px 10px 0px 20px;\n}\n<\/style>\n\t<\/div>\n\n\t\n<\/div>\n\t\t<\/div>\n\n\t\t\n<style>\n#section_447260209 {\n  padding-top: 25px;\n  padding-bottom: 25px;\n}\n#section_447260209 .ux-shape-divider--top svg {\n  height: 150px;\n  --divider-top-width: 100%;\n}\n#section_447260209 .ux-shape-divider--bottom svg {\n  height: 150px;\n  --divider-width: 100%;\n}\n<\/style>\n\t<\/section>\n\t\n","protected":false},"excerpt":{"rendered":"","protected":false},"author":1,"featured_media":0,"parent":0,"menu_order":0,"comment_status":"closed","ping_status":"closed","template":"page-blank.php","meta":{"footnotes":""},"class_list":["post-87","page","type-page","status-publish","hentry"],"_links":{"self":[{"href":"https:\/\/gruporiomedica.com.br\/produtos\/wp-json\/wp\/v2\/pages\/87","targetHints":{"allow":["GET"]}}],"collection":[{"href":"https:\/\/gruporiomedica.com.br\/produtos\/wp-json\/wp\/v2\/pages"}],"about":[{"href":"https:\/\/gruporiomedica.com.br\/produtos\/wp-json\/wp\/v2\/types\/page"}],"author":[{"embeddable":true,"href":"https:\/\/gruporiomedica.com.br\/produtos\/wp-json\/wp\/v2\/users\/1"}],"replies":[{"embeddable":true,"href":"https:\/\/gruporiomedica.com.br\/produtos\/wp-json\/wp\/v2\/comments?post=87"}],"version-history":[{"count":41,"href":"https:\/\/gruporiomedica.com.br\/produtos\/wp-json\/wp\/v2\/pages\/87\/revisions"}],"predecessor-version":[{"id":896,"href":"https:\/\/gruporiomedica.com.br\/produtos\/wp-json\/wp\/v2\/pages\/87\/revisions\/896"}],"wp:attachment":[{"href":"https:\/\/gruporiomedica.com.br\/produtos\/wp-json\/wp\/v2\/media?parent=87"}],"curies":[{"name":"wp","href":"https:\/\/api.w.org\/{rel}","templated":true}]}}