{"id":47,"date":"2016-02-18T15:10:52","date_gmt":"2016-02-18T15:10:52","guid":{"rendered":"http:\/\/flatsome.dev\/?page_id=4041"},"modified":"2022-06-28T14:49:27","modified_gmt":"2022-06-28T14:49:27","slug":"simple-corporate","status":"publish","type":"page","link":"https:\/\/gruporiomedica.com.br\/produtos\/","title":{"rendered":"Corporate"},"content":{"rendered":"<div class=\"slider-wrapper relative\" id=\"slider-507867099\" >\n    <div class=\"slider slider-nav-circle slider-nav-large slider-nav-light slider-style-normal\"\n        data-flickity-options='{\n            \"cellAlign\": \"center\",\n            \"imagesLoaded\": true,\n            \"lazyLoad\": 1,\n            \"freeScroll\": false,\n            \"wrapAround\": true,\n            \"autoPlay\": 6000,\n            \"pauseAutoPlayOnHover\" : true,\n            \"prevNextButtons\": true,\n            \"contain\" : true,\n            \"adaptiveHeight\" : true,\n            \"dragThreshold\" : 10,\n            \"percentPosition\": true,\n            \"pageDots\": true,\n            \"rightToLeft\": false,\n            \"draggable\": true,\n            \"selectedAttraction\": 0.1,\n            \"parallax\" : 0,\n            \"friction\": 0.6        }'\n        >\n        \n\n  <div class=\"banner has-hover\" id=\"banner-2063123922\">\n          <div class=\"banner-inner fill\">\n        <div class=\"banner-bg fill\" >\n            <div class=\"bg fill bg-fill \"><\/div>\n                                    \n                    <\/div>\n\t\t\n        <div class=\"banner-layers container\">\n            <div class=\"fill banner-link\"><\/div>            \n        <\/div>\n      <\/div>\n\n            \n<style>\n#banner-2063123922 {\n  padding-top: 200px;\n}\n#banner-2063123922 .bg.bg-loaded {\n  background-image: url(https:\/\/gruporiomedica.com.br\/produtos\/wp-content\/uploads\/2019\/08\/SLIDE01-1400x554.jpg);\n}\n#banner-2063123922 .bg {\n  background-position: 0% 0%;\n}\n#banner-2063123922 .ux-shape-divider--top svg {\n  height: 150px;\n  --divider-top-width: 100%;\n}\n#banner-2063123922 .ux-shape-divider--bottom svg {\n  height: 150px;\n  --divider-width: 100%;\n}\n@media (min-width:550px) {\n  #banner-2063123922 {\n    padding-top: 409px;\n  }\n}\n<\/style>\n  <\/div>\n\n\n     <\/div>\n\n     <div class=\"loading-spin dark large centered\"><\/div>\n\n     \t<\/div>\n\n\n<div class=\"message-box relative dark\" style=\"padding-top:17px;padding-bottom:17px;\"><div class=\"message-box-bg-image bg-fill fill\" style=\"background-image:url(https:\/\/gruporiomedica.com.br\/produtos\/wp-content\/uploads\/2019\/10\/aluguel-de-equipamentos-hospitalares-riomedica.jpg);\"><\/div><div class=\"message-box-bg-overlay bg-fill fill\" style=\"background-color:rgba(29, 35, 99, 0.82);\"><\/div><div class=\"container relative\"><div class=\"inner last-reset\">\n<div class=\"row align-middle align-center\"  id=\"row-472507229\">\n\n\t<div id=\"col-511260718\" class=\"col medium-7 small-12 large-7\"  >\n\t\t\t\t<div class=\"col-inner\"  >\n\t\t\t\n\t\t\t\n<h1 class=\"uppercase\" style=\"text-align: center;\"><span style=\"font-family: 'Arial Black', 'Avant Garde'; color: #ffffff; font-size: 120%;\"><b>FALE CONOSCO<\/b><\/span><\/h1>\n<p style=\"text-align: center;\"><span style=\"color: #ffffff; font-family: 'Arial Black', 'Avant Garde';\"><span style=\"font-size: 20.736px;\"><b>Preencha o formul\u00e1rio.<\/b><\/span><\/span><\/p>\n\t\t<\/div>\n\t\t\t\t\t<\/div>\n\n\t\n\n\t<div id=\"col-1465050731\" class=\"col medium-4 small-12 large-4\"  >\n\t\t\t\t<div class=\"col-inner text-left\"  >\n\t\t\t\n\t\t\t\n\t<div id=\"gap-1568551603\" class=\"gap-element clearfix\" style=\"display:block; height:auto;\">\n\t\t\n<style>\n#gap-1568551603 {\n  padding-top: 30px;\n}\n<\/style>\n\t<\/div>\n\t\n[contact-form-7 id=&#8221;11&#8243;]\n\t\t<\/div>\n\t\t\t\t\t<\/div>\n\n\t\n<\/div>\n<\/div><\/div><\/div>\n\t<section class=\"section\" id=\"section_1826117254\">\n\t\t<div class=\"bg section-bg fill bg-fill  bg-loaded\" >\n\n\t\t\t\n\t\t\t<div class=\"section-bg-overlay absolute fill\"><\/div>\n\t\t\t\n\t<div class=\"is-border\"\n\t\tstyle=\"border-width:1px 0px 1px 0px;\">\n\t<\/div>\n\n\t\t<\/div>\n\n\t\t\n\n\t\t<div class=\"section-content relative\">\n\t\t\t\n<div class=\"container section-title-container\" ><h3 class=\"section-title section-title-bold-center\"><b><\/b><span class=\"section-title-main\" style=\"color:rgb(143, 143, 181);\">sobre a riom\u00e9dica<\/span><b><\/b><\/h3><\/div>\n<div class=\"row row-large row-full-width align-middle\"  id=\"row-1752479709\">\n\n\t<div id=\"col-280815300\" class=\"col medium-6 small-12 large-6\"  >\n\t\t\t\t<div class=\"col-inner\"  >\n\t\t\t\n\t\t\t\n\t<div class=\"img has-hover x md-x lg-x y md-y lg-y\" id=\"image_854828162\">\n\t\t<a class=\"image-lightbox lightbox-gallery\" title=\"\" href=\"https:\/\/gruporiomedica.com.br\/produtos\/wp-content\/uploads\/2019\/10\/riomedica-rioprteto-1400x788.jpg\">\t\t\t\t\t\t<div class=\"img-inner box-shadow-3 dark\" >\n\t\t\t<img loading=\"lazy\" decoding=\"async\" width=\"1020\" height=\"574\" src=\"https:\/\/gruporiomedica.com.br\/produtos\/wp-content\/uploads\/2019\/10\/riomedica-rioprteto-1400x788.jpg\" class=\"attachment-large size-large\" alt=\"\" srcset=\"https:\/\/gruporiomedica.com.br\/produtos\/wp-content\/uploads\/2019\/10\/riomedica-rioprteto-1400x788.jpg 1400w, https:\/\/gruporiomedica.com.br\/produtos\/wp-content\/uploads\/2019\/10\/riomedica-rioprteto-711x400.jpg 711w, https:\/\/gruporiomedica.com.br\/produtos\/wp-content\/uploads\/2019\/10\/riomedica-rioprteto-768x432.jpg 768w, https:\/\/gruporiomedica.com.br\/produtos\/wp-content\/uploads\/2019\/10\/riomedica-rioprteto-600x338.jpg 600w, https:\/\/gruporiomedica.com.br\/produtos\/wp-content\/uploads\/2019\/10\/riomedica-rioprteto.jpg 1920w\" sizes=\"auto, (max-width: 1020px) 100vw, 1020px\" \/>\t\t\t\t\t\t\n\t\t\t\t\t<\/div>\n\t\t\t\t\t\t<\/a>\t\t\n<style>\n#image_854828162 {\n  width: 100%;\n}\n<\/style>\n\t<\/div>\n\t\n\t\t<\/div>\n\t\t\t\t\t<\/div>\n\n\t\n\n\t<div id=\"col-2085741652\" class=\"col medium-6 small-12 large-6\"  >\n\t\t\t\t<div class=\"col-inner text-left\"  >\n\t\t\t\n\t\t\t\n<p style=\"text-align: justify;\"><strong><span style=\"color: #000000;\">SOBRE N\u00d3S<\/span><\/strong><br \/><span style=\"color: #000000;\">Desde 1967 a Riom\u00e9dica busca por inova\u00e7\u00e3o em produtos da linha m\u00e9dica hospitalar para atender nossos clientes com o que h\u00e1 de melhor e mais moderno no mercado.<\/span><br \/><span style=\"color: #000000;\">Nosso foco principal \u00e9 a busca por produtos que reabilitem e devolvam as pessoas ao conv\u00edvio social e melhora na qualidade de vida.<\/span><br \/><span style=\"color: #000000;\">Temos um olhar muito especial na humaniza\u00e7\u00e3o do atendimento de nossos colaboradores, na responsabilidade com a vida e no conhecimentos t\u00e9cnico dos produtos que comercializamos.<\/span><br \/><span style=\"color: #000000;\">Oferecemos solu\u00e7\u00f5es para hospitais, laborat\u00f3rios, cl\u00ednicas, consult\u00f3rios, academias, centros de est\u00e9tica e beleza, profissionais da \u00e1rea da sa\u00fade e aqueles que trabalham ou necessitam recupera\u00e7\u00e3o e bem-estar pessoal.<\/span><\/p>\n\t\t<\/div>\n\t\t\t\t\t<\/div>\n\n\t\n<\/div>\n\t\t<\/div>\n\n\t\t\n<style>\n#section_1826117254 {\n  padding-top: 60px;\n  padding-bottom: 60px;\n  background-color: rgb(255, 255, 255);\n}\n#section_1826117254 .section-bg-overlay {\n  background-color: rgba(255, 255, 255, 0.85);\n}\n#section_1826117254 .ux-shape-divider--top svg {\n  height: 150px;\n  --divider-top-width: 100%;\n}\n#section_1826117254 .ux-shape-divider--bottom svg {\n  height: 150px;\n  --divider-width: 100%;\n}\n<\/style>\n\t<\/section>\n\t\n\t<section class=\"section\" id=\"section_296759827\">\n\t\t<div class=\"bg section-bg fill bg-fill  bg-loaded\" >\n\n\t\t\t\n\t\t\t<div class=\"section-bg-overlay absolute fill\"><\/div>\n\t\t\t\n\t<div class=\"is-border\"\n\t\tstyle=\"border-width:1px 0px 1px 0px;\">\n\t<\/div>\n\n\t\t<\/div>\n\n\t\t\n\n\t\t<div class=\"section-content relative\">\n\t\t\t\n<div class=\"container section-title-container\" ><h3 class=\"section-title section-title-bold-center\"><b><\/b><span class=\"section-title-main\" style=\"color:rgba(48, 48, 117, 0.57);\">parceiros<\/span><b><\/b><\/h3><\/div>\n<div class=\"row\"  id=\"row-528849154\">\n\n\t<div id=\"col-2092819457\" class=\"col small-6 large-12\"  >\n\t\t\t\t<div class=\"col-inner\"  >\n\t\t\t\n\t\t\t\n<div class=\"slider-wrapper relative\" id=\"slider-15248658\" >\n    <div class=\"slider slider-nav-circle slider-nav-large slider-nav-light slider-style-container\"\n        data-flickity-options='{\n            \"cellAlign\": \"center\",\n            \"imagesLoaded\": true,\n            \"lazyLoad\": 1,\n            \"freeScroll\": false,\n            \"wrapAround\": true,\n            \"autoPlay\": 6000,\n            \"pauseAutoPlayOnHover\" : true,\n            \"prevNextButtons\": true,\n            \"contain\" : true,\n            \"adaptiveHeight\" : true,\n            \"dragThreshold\" : 10,\n            \"percentPosition\": true,\n            \"pageDots\": true,\n            \"rightToLeft\": false,\n            \"draggable\": true,\n            \"selectedAttraction\": 0.1,\n            \"parallax\" : 0,\n            \"friction\": 0.6        }'\n        >\n        \n<div class=\"ux-logo has-hover align-middle ux_logo inline-block\" style=\"max-width: 100%!important; width: 230px!important\"><div class=\"ux-logo-link block image-color\" title=\"\"  href=\"\" style=\"padding: 15px;\"><img decoding=\"async\" src=\"https:\/\/gruporiomedica.com.br\/produtos\/wp-content\/uploads\/2019\/10\/02-convatec-riomedica.jpg\" title=\"\" alt=\"\" class=\"ux-logo-image block\" style=\"height:100px;\" \/><\/div><\/div>\n<div class=\"ux-logo has-hover align-middle ux_logo inline-block\" style=\"max-width: 100%!important; width: 230px!important\"><div class=\"ux-logo-link block image-color\" title=\"\"  href=\"\" style=\"padding: 15px;\"><img decoding=\"async\" src=\"https:\/\/gruporiomedica.com.br\/produtos\/wp-content\/uploads\/2020\/04\/c36c489ddd9a158d6cdb426f336a4c81.jpg\" title=\"\" alt=\"\" class=\"ux-logo-image block\" style=\"height:100px;\" \/><\/div><\/div>\n<div class=\"ux-logo has-hover align-middle ux_logo inline-block\" style=\"max-width: 100%!important; width: 230px!important\"><div class=\"ux-logo-link block image-color\" title=\"\"  href=\"\" style=\"padding: 15px;\"><img decoding=\"async\" src=\"https:\/\/gruporiomedica.com.br\/produtos\/wp-content\/uploads\/2020\/04\/c36c489ddd9a158d6cdb426f336a4c81-Copia.jpg\" title=\"\" alt=\"\" class=\"ux-logo-image block\" style=\"height:100px;\" \/><\/div><\/div>\n<div class=\"ux-logo has-hover align-middle ux_logo inline-block\" style=\"max-width: 100%!important; width: 230px!important\"><div class=\"ux-logo-link block image-color\" title=\"\"  href=\"\" style=\"padding: 15px;\"><img decoding=\"async\" src=\"https:\/\/gruporiomedica.com.br\/produtos\/wp-content\/uploads\/2020\/04\/c36c489ddd9a158d6cdb426f336a4c81-Copia-Copia.jpg\" title=\"\" alt=\"\" class=\"ux-logo-image block\" style=\"height:100px;\" \/><\/div><\/div>\n<div class=\"ux-logo has-hover align-middle ux_logo inline-block\" style=\"max-width: 100%!important; width: 230px!important\"><div class=\"ux-logo-link block image-color\" title=\"\"  href=\"\" style=\"padding: 15px;\"><img decoding=\"async\" src=\"https:\/\/gruporiomedica.com.br\/produtos\/wp-content\/uploads\/2020\/04\/eq.jpg\" title=\"\" alt=\"\" class=\"ux-logo-image block\" style=\"height:100px;\" \/><\/div><\/div>\n<div class=\"ux-logo has-hover align-middle ux_logo inline-block\" style=\"max-width: 100%!important; width: 230px!important\"><div class=\"ux-logo-link block image-color\" title=\"\"  href=\"\" style=\"padding: 15px;\"><img decoding=\"async\" src=\"https:\/\/gruporiomedica.com.br\/produtos\/wp-content\/uploads\/2019\/10\/09-mercur-riomedica.jpg\" title=\"\" alt=\"\" class=\"ux-logo-image block\" style=\"height:100px;\" \/><\/div><\/div>\n<div class=\"ux-logo has-hover align-middle ux_logo inline-block\" style=\"max-width: 100%!important; width: 230px!important\"><div class=\"ux-logo-link block image-color\" title=\"\"  href=\"\" style=\"padding: 15px;\"><img decoding=\"async\" src=\"https:\/\/gruporiomedica.com.br\/produtos\/wp-content\/uploads\/2019\/10\/08-Seat-mobile-riomedica-Copia.jpg\" title=\"\" alt=\"\" class=\"ux-logo-image block\" style=\"height:100px;\" \/><\/div><\/div>\n<div class=\"ux-logo has-hover align-middle ux_logo inline-block\" style=\"max-width: 100%!important; width: 230px!important\"><div class=\"ux-logo-link block image-color\" title=\"\"  href=\"\" style=\"padding: 15px;\"><img decoding=\"async\" src=\"https:\/\/gruporiomedica.com.br\/produtos\/wp-content\/uploads\/2019\/10\/07-selecta-riomedica.jpg\" title=\"\" alt=\"\" class=\"ux-logo-image block\" style=\"height:100px;\" \/><\/div><\/div>\n<div class=\"ux-logo has-hover align-middle ux_logo inline-block\" style=\"max-width: 100%!important; width: 230px!important\"><div class=\"ux-logo-link block image-color\" title=\"\"  href=\"\" style=\"padding: 15px;\"><img decoding=\"async\" src=\"https:\/\/gruporiomedica.com.br\/produtos\/wp-content\/uploads\/2019\/10\/06-hidroligth-riomedica.jpg\" title=\"\" alt=\"\" class=\"ux-logo-image block\" style=\"height:100px;\" \/><\/div><\/div>\n<div class=\"ux-logo has-hover align-middle ux_logo inline-block\" style=\"max-width: 100%!important; width: 230px!important\"><div class=\"ux-logo-link block image-color\" title=\"\"  href=\"\" style=\"padding: 15px;\"><img decoding=\"async\" src=\"https:\/\/gruporiomedica.com.br\/produtos\/wp-content\/uploads\/2019\/10\/05-coroplast-riomedica.jpg\" title=\"\" alt=\"\" class=\"ux-logo-image block\" style=\"height:100px;\" \/><\/div><\/div>\n<div class=\"ux-logo has-hover align-middle ux_logo inline-block\" style=\"max-width: 100%!important; width: 230px!important\"><div class=\"ux-logo-link block image-color\" title=\"\"  href=\"\" style=\"padding: 15px;\"><img decoding=\"async\" src=\"https:\/\/gruporiomedica.com.br\/produtos\/wp-content\/uploads\/2019\/10\/04-Venosanr-riomedica.jpg\" title=\"\" alt=\"\" class=\"ux-logo-image block\" style=\"height:100px;\" \/><\/div><\/div>\n<div class=\"ux-logo has-hover align-middle ux_logo inline-block\" style=\"max-width: 100%!important; width: 230px!important\"><div class=\"ux-logo-link block image-color\" title=\"\"  href=\"\" style=\"padding: 15px;\"><img decoding=\"async\" src=\"https:\/\/gruporiomedica.com.br\/produtos\/wp-content\/uploads\/2019\/10\/03-cremer-riomedica.jpg\" title=\"\" alt=\"\" class=\"ux-logo-image block\" style=\"height:100px;\" \/><\/div><\/div>\n<div class=\"ux-logo has-hover align-middle ux_logo inline-block\" style=\"max-width: 100%!important; width: 230px!important\"><div class=\"ux-logo-link block image-color\" title=\"\"  href=\"\" style=\"padding: 15px;\"><img decoding=\"async\" src=\"https:\/\/gruporiomedica.com.br\/produtos\/wp-content\/uploads\/2019\/10\/01-Ortho-Pauher-Consulta-riomedica.jpg\" title=\"\" alt=\"\" class=\"ux-logo-image block\" style=\"height:100px;\" \/><\/div><\/div>\n     <\/div>\n\n     <div class=\"loading-spin dark large centered\"><\/div>\n\n     \t<\/div>\n\n\n\t\t<\/div>\n\t\t\t\t\t<\/div>\n\n\t\n<\/div>\n\t\t<\/div>\n\n\t\t\n<style>\n#section_296759827 {\n  padding-top: 60px;\n  padding-bottom: 60px;\n  background-color: rgb(255, 255, 255);\n}\n#section_296759827 .section-bg-overlay {\n  background-color: rgba(255, 255, 255, 0.85);\n}\n#section_296759827 .ux-shape-divider--top svg {\n  height: 150px;\n  --divider-top-width: 100%;\n}\n#section_296759827 .ux-shape-divider--bottom svg {\n  height: 150px;\n  --divider-width: 100%;\n}\n<\/style>\n\t<\/section>\n\t\n\t<section class=\"section\" id=\"section_529525201\">\n\t\t<div class=\"bg section-bg fill bg-fill  bg-loaded\" >\n\n\t\t\t\n\t\t\t<div class=\"section-bg-overlay absolute fill\"><\/div>\n\t\t\t\n\n\t\t<\/div>\n\n\t\t\n\n\t\t<div class=\"section-content relative\">\n\t\t\t\n\t<div id=\"gap-189702055\" class=\"gap-element clearfix\" style=\"display:block; height:auto;\">\n\t\t\n<style>\n#gap-189702055 {\n  padding-top: 30px;\n}\n<\/style>\n\t<\/div>\n\t\n<div class=\"row row-full-width\"  id=\"row-995989804\">\n<\/div>\n\t\t<\/div>\n\n\t\t\n<style>\n#section_529525201 {\n  padding-top: 0px;\n  padding-bottom: 0px;\n}\n#section_529525201 .section-bg-overlay {\n  background-color: rgba(255, 255, 255, 0.84);\n}\n#section_529525201 .ux-shape-divider--top svg {\n  height: 150px;\n  --divider-top-width: 100%;\n}\n#section_529525201 .ux-shape-divider--bottom svg {\n  height: 150px;\n  --divider-width: 100%;\n}\n<\/style>\n\t<\/section>\n\t\n","protected":false},"excerpt":{"rendered":"","protected":false},"author":1,"featured_media":0,"parent":0,"menu_order":1,"comment_status":"closed","ping_status":"closed","template":"page-blank.php","meta":{"footnotes":""},"class_list":["post-47","page","type-page","status-publish","hentry"],"_links":{"self":[{"href":"https:\/\/gruporiomedica.com.br\/produtos\/wp-json\/wp\/v2\/pages\/47","targetHints":{"allow":["GET"]}}],"collection":[{"href":"https:\/\/gruporiomedica.com.br\/produtos\/wp-json\/wp\/v2\/pages"}],"about":[{"href":"https:\/\/gruporiomedica.com.br\/produtos\/wp-json\/wp\/v2\/types\/page"}],"author":[{"embeddable":true,"href":"https:\/\/gruporiomedica.com.br\/produtos\/wp-json\/wp\/v2\/users\/1"}],"replies":[{"embeddable":true,"href":"https:\/\/gruporiomedica.com.br\/produtos\/wp-json\/wp\/v2\/comments?post=47"}],"version-history":[{"count":248,"href":"https:\/\/gruporiomedica.com.br\/produtos\/wp-json\/wp\/v2\/pages\/47\/revisions"}],"predecessor-version":[{"id":928,"href":"https:\/\/gruporiomedica.com.br\/produtos\/wp-json\/wp\/v2\/pages\/47\/revisions\/928"}],"wp:attachment":[{"href":"https:\/\/gruporiomedica.com.br\/produtos\/wp-json\/wp\/v2\/media?parent=47"}],"curies":[{"name":"wp","href":"https:\/\/api.w.org\/{rel}","templated":true}]}}