{"id":87,"date":"2013-08-11T19:06:15","date_gmt":"2013-08-11T19:06:15","guid":{"rendered":"http:\/\/localhost:8888\/test\/?page_id=520"},"modified":"2020-05-11T17:48:40","modified_gmt":"2020-05-11T17:48:40","slug":"empresa","status":"publish","type":"page","link":"https:\/\/gruporiomedica.com.br\/nutricao\/empresa\/","title":{"rendered":"Empresa"},"content":{"rendered":"\t<section class=\"section\" id=\"section_1744342000\">\n\t\t<div class=\"bg section-bg fill bg-fill  bg-loaded\" >\n\n\t\t\t\n\t\t\t\n\t\t\t\n\n\t\t<\/div><!-- .section-bg -->\n\n\t\t<div class=\"section-content relative\">\n\t\t\t\n\t<div class=\"img has-hover x md-x lg-x y md-y lg-y\" id=\"image_231288201\">\n\t\t\t\t\t\t\t\t<div class=\"img-inner image-cover dark\" style=\"padding-top:636px;\">\n\t\t\t<img loading=\"lazy\" decoding=\"async\" width=\"1020\" height=\"765\" src=\"https:\/\/gruporiomedica.com.br\/nutricao\/wp-content\/uploads\/2020\/05\/WhatsApp-Image-2020-05-04-at-1.18.57-PM-1067x800.jpeg\" class=\"attachment-large size-large\" alt=\"\" srcset=\"https:\/\/gruporiomedica.com.br\/nutricao\/wp-content\/uploads\/2020\/05\/WhatsApp-Image-2020-05-04-at-1.18.57-PM-1067x800.jpeg 1067w, https:\/\/gruporiomedica.com.br\/nutricao\/wp-content\/uploads\/2020\/05\/WhatsApp-Image-2020-05-04-at-1.18.57-PM-533x400.jpeg 533w, https:\/\/gruporiomedica.com.br\/nutricao\/wp-content\/uploads\/2020\/05\/WhatsApp-Image-2020-05-04-at-1.18.57-PM-768x576.jpeg 768w, https:\/\/gruporiomedica.com.br\/nutricao\/wp-content\/uploads\/2020\/05\/WhatsApp-Image-2020-05-04-at-1.18.57-PM-600x450.jpeg 600w, https:\/\/gruporiomedica.com.br\/nutricao\/wp-content\/uploads\/2020\/05\/WhatsApp-Image-2020-05-04-at-1.18.57-PM.jpeg 1280w\" sizes=\"auto, (max-width: 1020px) 100vw, 1020px\" \/>\t\t\t\t\t\t\n\t\t\t\t\t<\/div>\n\t\t\t\t\t\t\t\t\n<style scope=\"scope\">\n\n#image_231288201 {\n  width: 100%;\n}\n<\/style>\n\t<\/div>\n\t\n\t\t<\/div><!-- .section-content -->\n\n\t\t\n<style scope=\"scope\">\n\n#section_1744342000 {\n  padding-top: 0px;\n  padding-bottom: 0px;\n}\n<\/style>\n\t<\/section>\n\t\n<div class=\"row\"  id=\"row-1470639571\">\n<div class=\"col medium-4 small-12 large-4\"  ><div class=\"col-inner\"  >\n\t<div class=\"img has-hover x md-x lg-x y md-y lg-y\" id=\"image_55704358\">\n\t\t<a class=\"image-lightbox lightbox-gallery\" href=\"https:\/\/gruporiomedica.com.br\/nutricao\/wp-content\/uploads\/2020\/05\/WhatsApp-Image-2020-05-04-at-1.18.46-PM-3.jpeg\">\t\t\t\t\t\t<div class=\"img-inner image-cover dark\" style=\"padding-top:247px;\">\n\t\t\t<img loading=\"lazy\" decoding=\"async\" width=\"1020\" height=\"505\" src=\"https:\/\/gruporiomedica.com.br\/nutricao\/wp-content\/uploads\/2020\/05\/WhatsApp-Image-2020-05-04-at-1.18.46-PM-3.jpeg\" class=\"attachment-large size-large\" alt=\"\" srcset=\"https:\/\/gruporiomedica.com.br\/nutricao\/wp-content\/uploads\/2020\/05\/WhatsApp-Image-2020-05-04-at-1.18.46-PM-3.jpeg 1280w, https:\/\/gruporiomedica.com.br\/nutricao\/wp-content\/uploads\/2020\/05\/WhatsApp-Image-2020-05-04-at-1.18.46-PM-3-800x396.jpeg 800w, https:\/\/gruporiomedica.com.br\/nutricao\/wp-content\/uploads\/2020\/05\/WhatsApp-Image-2020-05-04-at-1.18.46-PM-3-768x380.jpeg 768w, https:\/\/gruporiomedica.com.br\/nutricao\/wp-content\/uploads\/2020\/05\/WhatsApp-Image-2020-05-04-at-1.18.46-PM-3-600x297.jpeg 600w\" sizes=\"auto, (max-width: 1020px) 100vw, 1020px\" \/>\t\t\t\t\t\t\n\t\t\t\t\t<\/div>\n\t\t\t\t\t\t<\/a>\t\t\n<style scope=\"scope\">\n\n#image_55704358 {\n  width: 100%;\n}\n<\/style>\n\t<\/div>\n\t\n<\/div><\/div>\n<div class=\"col medium-4 small-12 large-4\"  ><div class=\"col-inner\"  >\n\t<div class=\"img has-hover x md-x lg-x y md-y lg-y\" id=\"image_230257102\">\n\t\t<a class=\"image-lightbox lightbox-gallery\" href=\"https:\/\/gruporiomedica.com.br\/nutricao\/wp-content\/uploads\/2020\/05\/WhatsApp-Image-2020-05-04-at-1.18.56-PM-1067x800.jpeg\">\t\t\t\t\t\t<div class=\"img-inner dark\" >\n\t\t\t<img loading=\"lazy\" decoding=\"async\" width=\"1020\" height=\"765\" src=\"https:\/\/gruporiomedica.com.br\/nutricao\/wp-content\/uploads\/2020\/05\/WhatsApp-Image-2020-05-04-at-1.18.56-PM-1067x800.jpeg\" class=\"attachment-large size-large\" alt=\"\" srcset=\"https:\/\/gruporiomedica.com.br\/nutricao\/wp-content\/uploads\/2020\/05\/WhatsApp-Image-2020-05-04-at-1.18.56-PM-1067x800.jpeg 1067w, https:\/\/gruporiomedica.com.br\/nutricao\/wp-content\/uploads\/2020\/05\/WhatsApp-Image-2020-05-04-at-1.18.56-PM-533x400.jpeg 533w, https:\/\/gruporiomedica.com.br\/nutricao\/wp-content\/uploads\/2020\/05\/WhatsApp-Image-2020-05-04-at-1.18.56-PM-768x576.jpeg 768w, https:\/\/gruporiomedica.com.br\/nutricao\/wp-content\/uploads\/2020\/05\/WhatsApp-Image-2020-05-04-at-1.18.56-PM-600x450.jpeg 600w, https:\/\/gruporiomedica.com.br\/nutricao\/wp-content\/uploads\/2020\/05\/WhatsApp-Image-2020-05-04-at-1.18.56-PM.jpeg 1280w\" sizes=\"auto, (max-width: 1020px) 100vw, 1020px\" \/>\t\t\t\t\t\t\n\t\t\t\t\t<\/div>\n\t\t\t\t\t\t<\/a>\t\t\n<style scope=\"scope\">\n\n#image_230257102 {\n  width: 100%;\n}\n<\/style>\n\t<\/div>\n\t\n<\/div><\/div>\n<div class=\"col medium-4 small-12 large-4\"  ><div class=\"col-inner\"  >\n\t<div class=\"img has-hover x md-x lg-x y md-y lg-y\" id=\"image_1032643671\">\n\t\t<a class=\"image-lightbox lightbox-gallery\" href=\"https:\/\/gruporiomedica.com.br\/nutricao\/wp-content\/uploads\/2020\/05\/WhatsApp-Image-2020-05-11-at-9.33.25-AM-4.jpeg\">\t\t\t\t\t\t<div class=\"img-inner dark\" >\n\t\t\t<img loading=\"lazy\" decoding=\"async\" width=\"1020\" height=\"765\" src=\"https:\/\/gruporiomedica.com.br\/nutricao\/wp-content\/uploads\/2020\/05\/WhatsApp-Image-2020-05-11-at-9.33.25-AM-4.jpeg\" class=\"attachment-large size-large\" alt=\"\" srcset=\"https:\/\/gruporiomedica.com.br\/nutricao\/wp-content\/uploads\/2020\/05\/WhatsApp-Image-2020-05-11-at-9.33.25-AM-4.jpeg 1024w, https:\/\/gruporiomedica.com.br\/nutricao\/wp-content\/uploads\/2020\/05\/WhatsApp-Image-2020-05-11-at-9.33.25-AM-4-533x400.jpeg 533w, https:\/\/gruporiomedica.com.br\/nutricao\/wp-content\/uploads\/2020\/05\/WhatsApp-Image-2020-05-11-at-9.33.25-AM-4-768x576.jpeg 768w, https:\/\/gruporiomedica.com.br\/nutricao\/wp-content\/uploads\/2020\/05\/WhatsApp-Image-2020-05-11-at-9.33.25-AM-4-600x450.jpeg 600w\" sizes=\"auto, (max-width: 1020px) 100vw, 1020px\" \/>\t\t\t\t\t\t\n\t\t\t\t\t<\/div>\n\t\t\t\t\t\t<\/a>\t\t\n<style scope=\"scope\">\n\n#image_1032643671 {\n  width: 100%;\n}\n<\/style>\n\t<\/div>\n\t\n<\/div><\/div>\n<\/div>\n<div class=\"row\"  id=\"row-1857796885\">\n<div class=\"col medium-4 small-12 large-4\"  ><div class=\"col-inner\"  >\n\t<div class=\"img has-hover x md-x lg-x y md-y lg-y\" id=\"image_1730677328\">\n\t\t<a class=\"image-lightbox lightbox-gallery\" href=\"https:\/\/gruporiomedica.com.br\/nutricao\/wp-content\/uploads\/2020\/05\/WhatsApp-Image-2020-05-04-at-1.18.51-PM-1067x800.jpeg\">\t\t\t\t\t\t<div class=\"img-inner image-cover dark\" style=\"padding-top:249px;\">\n\t\t\t<img loading=\"lazy\" decoding=\"async\" width=\"1020\" height=\"765\" src=\"https:\/\/gruporiomedica.com.br\/nutricao\/wp-content\/uploads\/2020\/05\/WhatsApp-Image-2020-05-04-at-1.18.51-PM-1067x800.jpeg\" class=\"attachment-large size-large\" alt=\"\" srcset=\"https:\/\/gruporiomedica.com.br\/nutricao\/wp-content\/uploads\/2020\/05\/WhatsApp-Image-2020-05-04-at-1.18.51-PM-1067x800.jpeg 1067w, https:\/\/gruporiomedica.com.br\/nutricao\/wp-content\/uploads\/2020\/05\/WhatsApp-Image-2020-05-04-at-1.18.51-PM-533x400.jpeg 533w, https:\/\/gruporiomedica.com.br\/nutricao\/wp-content\/uploads\/2020\/05\/WhatsApp-Image-2020-05-04-at-1.18.51-PM-768x576.jpeg 768w, https:\/\/gruporiomedica.com.br\/nutricao\/wp-content\/uploads\/2020\/05\/WhatsApp-Image-2020-05-04-at-1.18.51-PM-600x450.jpeg 600w, https:\/\/gruporiomedica.com.br\/nutricao\/wp-content\/uploads\/2020\/05\/WhatsApp-Image-2020-05-04-at-1.18.51-PM.jpeg 1280w\" sizes=\"auto, (max-width: 1020px) 100vw, 1020px\" \/>\t\t\t\t\t\t\n\t\t\t\t\t<\/div>\n\t\t\t\t\t\t<\/a>\t\t\n<style scope=\"scope\">\n\n#image_1730677328 {\n  width: 100%;\n}\n<\/style>\n\t<\/div>\n\t\n<\/div><\/div>\n<div class=\"col medium-4 small-12 large-4\"  ><div class=\"col-inner\"  >\n\t<div class=\"img has-hover x md-x lg-x y md-y lg-y\" id=\"image_1282700628\">\n\t\t<a class=\"image-lightbox lightbox-gallery\" href=\"https:\/\/gruporiomedica.com.br\/nutricao\/wp-content\/uploads\/2020\/05\/WhatsApp-Image-2020-05-04-at-1.18.52-PM-1-1067x800.jpeg\">\t\t\t\t\t\t<div class=\"img-inner dark\" >\n\t\t\t<img loading=\"lazy\" decoding=\"async\" width=\"1020\" height=\"765\" src=\"https:\/\/gruporiomedica.com.br\/nutricao\/wp-content\/uploads\/2020\/05\/WhatsApp-Image-2020-05-04-at-1.18.52-PM-1-1067x800.jpeg\" class=\"attachment-large size-large\" alt=\"\" srcset=\"https:\/\/gruporiomedica.com.br\/nutricao\/wp-content\/uploads\/2020\/05\/WhatsApp-Image-2020-05-04-at-1.18.52-PM-1-1067x800.jpeg 1067w, https:\/\/gruporiomedica.com.br\/nutricao\/wp-content\/uploads\/2020\/05\/WhatsApp-Image-2020-05-04-at-1.18.52-PM-1-533x400.jpeg 533w, https:\/\/gruporiomedica.com.br\/nutricao\/wp-content\/uploads\/2020\/05\/WhatsApp-Image-2020-05-04-at-1.18.52-PM-1-768x576.jpeg 768w, https:\/\/gruporiomedica.com.br\/nutricao\/wp-content\/uploads\/2020\/05\/WhatsApp-Image-2020-05-04-at-1.18.52-PM-1-600x450.jpeg 600w, https:\/\/gruporiomedica.com.br\/nutricao\/wp-content\/uploads\/2020\/05\/WhatsApp-Image-2020-05-04-at-1.18.52-PM-1.jpeg 1280w\" sizes=\"auto, (max-width: 1020px) 100vw, 1020px\" \/>\t\t\t\t\t\t\n\t\t\t\t\t<\/div>\n\t\t\t\t\t\t<\/a>\t\t\n<style scope=\"scope\">\n\n#image_1282700628 {\n  width: 100%;\n}\n<\/style>\n\t<\/div>\n\t\n<\/div><\/div>\n<div class=\"col medium-4 small-12 large-4\"  ><div class=\"col-inner\"  >\n\t<div class=\"img has-hover x md-x lg-x y md-y lg-y\" id=\"image_786146187\">\n\t\t<a class=\"image-lightbox lightbox-gallery\" href=\"https:\/\/gruporiomedica.com.br\/nutricao\/wp-content\/uploads\/2020\/05\/WhatsApp-Image-2020-05-04-at-1.18.48-PM-1067x800.jpeg\">\t\t\t\t\t\t<div class=\"img-inner dark\" >\n\t\t\t<img loading=\"lazy\" decoding=\"async\" width=\"1020\" height=\"765\" src=\"https:\/\/gruporiomedica.com.br\/nutricao\/wp-content\/uploads\/2020\/05\/WhatsApp-Image-2020-05-04-at-1.18.48-PM-1067x800.jpeg\" class=\"attachment-large size-large\" alt=\"\" srcset=\"https:\/\/gruporiomedica.com.br\/nutricao\/wp-content\/uploads\/2020\/05\/WhatsApp-Image-2020-05-04-at-1.18.48-PM-1067x800.jpeg 1067w, https:\/\/gruporiomedica.com.br\/nutricao\/wp-content\/uploads\/2020\/05\/WhatsApp-Image-2020-05-04-at-1.18.48-PM-533x400.jpeg 533w, https:\/\/gruporiomedica.com.br\/nutricao\/wp-content\/uploads\/2020\/05\/WhatsApp-Image-2020-05-04-at-1.18.48-PM-768x576.jpeg 768w, https:\/\/gruporiomedica.com.br\/nutricao\/wp-content\/uploads\/2020\/05\/WhatsApp-Image-2020-05-04-at-1.18.48-PM-600x450.jpeg 600w, https:\/\/gruporiomedica.com.br\/nutricao\/wp-content\/uploads\/2020\/05\/WhatsApp-Image-2020-05-04-at-1.18.48-PM.jpeg 1280w\" sizes=\"auto, (max-width: 1020px) 100vw, 1020px\" \/>\t\t\t\t\t\t\n\t\t\t\t\t<\/div>\n\t\t\t\t\t\t<\/a>\t\t\n<style scope=\"scope\">\n\n#image_786146187 {\n  width: 100%;\n}\n<\/style>\n\t<\/div>\n\t\n<\/div><\/div>\n<\/div>\n\t<section class=\"section\" id=\"section_752401431\">\n\t\t<div class=\"bg section-bg fill bg-fill  bg-loaded\" >\n\n\t\t\t\n\t\t\t\n\t\t\t\n\n\t\t<\/div><!-- .section-bg -->\n\n\t\t<div class=\"section-content relative\">\n\t\t\t\n<div class=\"row\"  id=\"row-1466114147\">\n<div class=\"col small-12 large-12\"  ><div class=\"col-inner text-center\" style=\"padding:0px 10px 0px 20px;\" >\n\t<div id=\"gap-1581760902\" class=\"gap-element clearfix\" style=\"display:block; height:auto;\">\n\t\t\n<style scope=\"scope\">\n\n#gap-1581760902 {\n  padding-top: 2px;\n}\n<\/style>\n\t<\/div>\n\t\n<h1 style=\"text-align: center;\">Entregas na Cidade de S\u00e3o Jos\u00e9 do Rio Preto-SP<\/h1>\n<\/div><\/div>\n<\/div>\n\t\t<\/div><!-- .section-content -->\n\n\t\t\n<style scope=\"scope\">\n\n#section_752401431 {\n  padding-top: 25px;\n  padding-bottom: 25px;\n}\n<\/style>\n\t<\/section>\n\t\n\t<section class=\"section\" id=\"section_1624803935\">\n\t\t<div class=\"bg section-bg fill bg-fill  bg-loaded\" >\n\n\t\t\t\n\t\t\t\n\t\t\t\n\n\t\t<\/div><!-- .section-bg -->\n\n\t\t<div class=\"section-content relative\">\n\t\t\t\n\t<div class=\"img has-hover x md-x lg-x y md-y lg-y\" id=\"image_671819576\">\n\t\t\t\t\t\t\t\t<div class=\"img-inner dark\" >\n\t\t\t<img loading=\"lazy\" decoding=\"async\" width=\"1020\" height=\"242\" src=\"https:\/\/gruporiomedica.com.br\/nutricao\/wp-content\/uploads\/2019\/10\/WhatsApp-Image-2019-10-29-at-7.45.33-AM.jpeg\" class=\"attachment-large size-large\" alt=\"\" srcset=\"https:\/\/gruporiomedica.com.br\/nutricao\/wp-content\/uploads\/2019\/10\/WhatsApp-Image-2019-10-29-at-7.45.33-AM.jpeg 1280w, https:\/\/gruporiomedica.com.br\/nutricao\/wp-content\/uploads\/2019\/10\/WhatsApp-Image-2019-10-29-at-7.45.33-AM-800x190.jpeg 800w, https:\/\/gruporiomedica.com.br\/nutricao\/wp-content\/uploads\/2019\/10\/WhatsApp-Image-2019-10-29-at-7.45.33-AM-768x182.jpeg 768w, https:\/\/gruporiomedica.com.br\/nutricao\/wp-content\/uploads\/2019\/10\/WhatsApp-Image-2019-10-29-at-7.45.33-AM-600x143.jpeg 600w\" sizes=\"auto, (max-width: 1020px) 100vw, 1020px\" \/>\t\t\t\t\t\t\n\t\t\t\t\t<\/div>\n\t\t\t\t\t\t\t\t\n<style scope=\"scope\">\n\n#image_671819576 {\n  width: 100%;\n}\n<\/style>\n\t<\/div>\n\t\n\t\t<\/div><!-- .section-content -->\n\n\t\t\n<style scope=\"scope\">\n\n#section_1624803935 {\n  padding-top: 30px;\n  padding-bottom: 30px;\n}\n<\/style>\n\t<\/section>\n\t\n\t<section class=\"section\" id=\"section_1990718788\">\n\t\t<div class=\"bg section-bg fill bg-fill  bg-loaded\" >\n\n\t\t\t\n\t\t\t\n\t\t\t\n\n\t\t<\/div><!-- .section-bg -->\n\n\t\t<div class=\"section-content relative\">\n\t\t\t\n<div class=\"row\"  id=\"row-1580309054\">\n<div class=\"col small-12 large-12\"  ><div class=\"col-inner text-center\" style=\"padding:0px 10px 0px 20px;\" >\n\t<div id=\"gap-1575530268\" class=\"gap-element clearfix\" style=\"display:block; height:auto;\">\n\t\t\n<style scope=\"scope\">\n\n#gap-1575530268 {\n  padding-top: 2px;\n}\n<\/style>\n\t<\/div>\n\t\n<h4 style=\"text-align: justify;\"><span style=\"font-family: rrrrr; color: #000000;\">Contamos com um Disk Entrega \u00e1gil e inteligente para oferecer a voc\u00ea os melhores produtos com a comodidade e conforto que voc\u00ea merece.<\/span><\/h4>\n<\/div><\/div>\n<\/div>\n\t\t<\/div><!-- .section-content -->\n\n\t\t\n<style scope=\"scope\">\n\n#section_1990718788 {\n  padding-top: 25px;\n  padding-bottom: 25px;\n}\n<\/style>\n\t<\/section>\n\t\n","protected":false},"excerpt":{"rendered":"","protected":false},"author":1,"featured_media":0,"parent":0,"menu_order":0,"comment_status":"closed","ping_status":"closed","template":"page-blank.php","meta":{"footnotes":""},"class_list":["post-87","page","type-page","status-publish","hentry"],"_links":{"self":[{"href":"https:\/\/gruporiomedica.com.br\/nutricao\/wp-json\/wp\/v2\/pages\/87","targetHints":{"allow":["GET"]}}],"collection":[{"href":"https:\/\/gruporiomedica.com.br\/nutricao\/wp-json\/wp\/v2\/pages"}],"about":[{"href":"https:\/\/gruporiomedica.com.br\/nutricao\/wp-json\/wp\/v2\/types\/page"}],"author":[{"embeddable":true,"href":"https:\/\/gruporiomedica.com.br\/nutricao\/wp-json\/wp\/v2\/users\/1"}],"replies":[{"embeddable":true,"href":"https:\/\/gruporiomedica.com.br\/nutricao\/wp-json\/wp\/v2\/comments?post=87"}],"version-history":[{"count":56,"href":"https:\/\/gruporiomedica.com.br\/nutricao\/wp-json\/wp\/v2\/pages\/87\/revisions"}],"predecessor-version":[{"id":952,"href":"https:\/\/gruporiomedica.com.br\/nutricao\/wp-json\/wp\/v2\/pages\/87\/revisions\/952"}],"wp:attachment":[{"href":"https:\/\/gruporiomedica.com.br\/nutricao\/wp-json\/wp\/v2\/media?parent=87"}],"curies":[{"name":"wp","href":"https:\/\/api.w.org\/{rel}","templated":true}]}}