{"id":47,"date":"2016-02-18T15:10:52","date_gmt":"2016-02-18T15:10:52","guid":{"rendered":"http:\/\/flatsome.dev\/?page_id=4041"},"modified":"2025-08-08T16:16:33","modified_gmt":"2025-08-08T16:16:33","slug":"simple-corporate","status":"publish","type":"page","link":"https:\/\/gruporiomedica.com.br\/nutricao\/","title":{"rendered":"Corporate"},"content":{"rendered":"\n<div class=\"slider-wrapper relative\" id=\"slider-319789033\" >\n    <div class=\"slider slider-nav-circle slider-nav-large slider-nav-light slider-style-normal\"\n        data-flickity-options='{\n            \"cellAlign\": \"center\",\n            \"imagesLoaded\": true,\n            \"lazyLoad\": 1,\n            \"freeScroll\": false,\n            \"wrapAround\": true,\n            \"autoPlay\": 6000,\n            \"pauseAutoPlayOnHover\" : true,\n            \"prevNextButtons\": true,\n            \"contain\" : true,\n            \"adaptiveHeight\" : true,\n            \"dragThreshold\" : 10,\n            \"percentPosition\": true,\n            \"pageDots\": true,\n            \"rightToLeft\": false,\n            \"draggable\": true,\n            \"selectedAttraction\": 0.1,\n            \"parallax\" : 0,\n            \"friction\": 0.6        }'\n        >\n        \n\n\n  <div class=\"banner has-hover\" id=\"banner-1384034427\">\n          <div class=\"banner-inner fill\">\n        <div class=\"banner-bg fill\" >\n            <div class=\"bg fill bg-fill \"><\/div>\n                                    \n                    <\/div><!-- bg-layers -->\n        <div class=\"banner-layers container\">\n            <div class=\"fill banner-link\"><\/div>            \n\n   <div id=\"text-box-795882157\" class=\"text-box banner-layer x50 md-x50 lg-x50 y85 md-y85 lg-y85 res-text\">\n                                <div class=\"text dark\">\n              \n              <div class=\"text-inner text-center\">\n                  \n\n\n              <\/div>\n           <\/div><!-- text-box-inner -->\n                            \n<style scope=\"scope\">\n\n#text-box-795882157 {\n  width: 60%;\n}\n#text-box-795882157 .text {\n  font-size: 100%;\n}\n<\/style>\n    <\/div><!-- text-box -->\n \n\n        <\/div><!-- .banner-layers -->\n      <\/div><!-- .banner-inner -->\n\n            \n<style scope=\"scope\">\n\n#banner-1384034427 {\n  padding-top: 200px;\n}\n#banner-1384034427 .bg.bg-loaded {\n  background-image: url(https:\/\/gruporiomedica.com.br\/nutricao\/wp-content\/uploads\/2021\/02\/KEC-60v01_Banner_Suplementos_FINAL_Rio-m\u00e9dica_1600x409.png);\n}\n#banner-1384034427 .bg {\n  background-position: 50% 45%;\n}\n\n\n@media (min-width:550px) {\n\n  #banner-1384034427 {\n    padding-top: 336px;\n  }\n\n}\n<\/style>\n  <\/div><!-- .banner -->\n\n\n\n  <div class=\"banner has-hover\" id=\"banner-1969421306\">\n          <div class=\"banner-inner fill\">\n        <div class=\"banner-bg fill\" >\n            <div class=\"bg fill bg-fill \"><\/div>\n                                    \n                    <\/div><!-- bg-layers -->\n        <div class=\"banner-layers container\">\n            <div class=\"fill banner-link\"><\/div>            \n\n   <div id=\"text-box-401255346\" class=\"text-box banner-layer x50 md-x50 lg-x50 y85 md-y85 lg-y85 res-text\">\n                                <div class=\"text dark\">\n              \n              <div class=\"text-inner text-center\">\n                  \n\n<a rel=\"noopener noreferrer\" href=\"https:\/\/www.lojariomedica.com.br\/nutricao-esportiva-dieta\" target=\"_blank\" class=\"button primary is-larger\"  style=\"border-radius:99px;\">\n    <span>comprar agora<\/span>\n  <\/a>\n\n\n\n              <\/div>\n           <\/div><!-- text-box-inner -->\n                            \n<style scope=\"scope\">\n\n#text-box-401255346 {\n  width: 60%;\n}\n#text-box-401255346 .text {\n  font-size: 100%;\n}\n<\/style>\n    <\/div><!-- text-box -->\n \n\n        <\/div><!-- .banner-layers -->\n      <\/div><!-- .banner-inner -->\n\n            \n<style scope=\"scope\">\n\n#banner-1969421306 {\n  padding-top: 200px;\n}\n#banner-1969421306 .bg.bg-loaded {\n  background-image: url(https:\/\/gruporiomedica.com.br\/nutricao\/wp-content\/uploads\/2019\/10\/Banner-Sliders-New-Nutrition-OK.png);\n}\n#banner-1969421306 .bg {\n  background-position: 53% 8%;\n}\n\n\n@media (min-width:550px) {\n\n  #banner-1969421306 {\n    padding-top: 336px;\n  }\n\n}\n<\/style>\n  <\/div><!-- .banner -->\n\n\n\n  <div class=\"banner has-hover\" id=\"banner-880231222\">\n          <div class=\"banner-inner fill\">\n        <div class=\"banner-bg fill\" >\n            <div class=\"bg fill bg-fill \"><\/div>\n                                    \n                    <\/div><!-- bg-layers -->\n        <div class=\"banner-layers container\">\n            <div class=\"fill banner-link\"><\/div>            \n\n   <div id=\"text-box-755710193\" class=\"text-box banner-layer x50 md-x50 lg-x50 y85 md-y85 lg-y85 res-text\">\n                                <div class=\"text dark\">\n              \n              <div class=\"text-inner text-center\">\n                  \n\n<a rel=\"noopener noreferrer\" href=\"https:\/\/www.lojariomedica.com.br\/buscar?q=Aboutt\" target=\"_blank\" class=\"button primary is-larger\"  style=\"border-radius:99px;\">\n    <span>comprar agora<\/span>\n  <\/a>\n\n\n\n              <\/div>\n           <\/div><!-- text-box-inner -->\n                            \n<style scope=\"scope\">\n\n#text-box-755710193 {\n  width: 60%;\n}\n#text-box-755710193 .text {\n  font-size: 100%;\n}\n<\/style>\n    <\/div><!-- text-box -->\n \n\n        <\/div><!-- .banner-layers -->\n      <\/div><!-- .banner-inner -->\n\n            \n<style scope=\"scope\">\n\n#banner-880231222 {\n  padding-top: 200px;\n}\n#banner-880231222 .bg.bg-loaded {\n  background-image: url(https:\/\/gruporiomedica.com.br\/nutricao\/wp-content\/uploads\/2020\/05\/Banner-Sliders-Abbott-Roxo2020.jpg);\n}\n#banner-880231222 .bg {\n  background-position: 53% 8%;\n}\n\n\n@media (min-width:550px) {\n\n  #banner-880231222 {\n    padding-top: 336px;\n  }\n\n}\n<\/style>\n  <\/div><!-- .banner -->\n\n\n\n     <\/div>\n\n     <div class=\"loading-spin dark large centered\"><\/div>\n\n     <style scope=\"scope\">\n             <\/style>\n<\/div><!-- .ux-slider-wrapper -->\n\n\n\t<section class=\"section\" id=\"section_630612182\">\n\t\t<div class=\"bg section-bg fill bg-fill  bg-loaded\" >\n\n\t\t\t\n\t\t\t<div class=\"section-bg-overlay absolute fill\"><\/div>\n\t\t\t\n\t<div class=\"is-border\"\n\t\tstyle=\"border-width:1px 0px 1px 0px;\">\n\t<\/div>\n\n\t\t<\/div><!-- .section-bg -->\n\n\t\t<div class=\"section-content relative\">\n\t\t\t\n\n<div class=\"container section-title-container\" ><h3 class=\"section-title section-title-bold-center\"><b><\/b><span class=\"section-title-main\" style=\"color:rgb(143, 143, 181);\">Nutri\u00e7\u00e3o e sa\u00fade<\/span><b><\/b><\/h3><\/div><!-- .section-title -->\n\n<div class=\"row row-large row-full-width align-middle\"  id=\"row-860110216\">\n\n<div class=\"col medium-6 small-12 large-6\"  ><div class=\"col-inner\"  >\n\n\t<div class=\"img has-hover x md-x lg-x y md-y lg-y\" id=\"image_1341227051\">\n\t\t<a class=\"image-lightbox lightbox-gallery\" href=\"https:\/\/gruporiomedica.com.br\/nutricao\/wp-content\/uploads\/2020\/05\/WhatsApp-Image-2020-05-04-at-1.18.52-PM-533x400.jpeg\">\t\t\t\t\t\t<div class=\"img-inner image-zoom box-shadow-4 dark\" style=\"margin:0 0px 0px 0px;\">\n\t\t\t<img loading=\"lazy\" decoding=\"async\" width=\"1020\" height=\"765\" src=\"https:\/\/gruporiomedica.com.br\/nutricao\/wp-content\/uploads\/2020\/05\/WhatsApp-Image-2020-05-04-at-1.18.52-PM-1067x800.jpeg\" class=\"attachment-large size-large\" alt=\"\" srcset=\"https:\/\/gruporiomedica.com.br\/nutricao\/wp-content\/uploads\/2020\/05\/WhatsApp-Image-2020-05-04-at-1.18.52-PM-1067x800.jpeg 1067w, https:\/\/gruporiomedica.com.br\/nutricao\/wp-content\/uploads\/2020\/05\/WhatsApp-Image-2020-05-04-at-1.18.52-PM-533x400.jpeg 533w, https:\/\/gruporiomedica.com.br\/nutricao\/wp-content\/uploads\/2020\/05\/WhatsApp-Image-2020-05-04-at-1.18.52-PM-768x576.jpeg 768w, https:\/\/gruporiomedica.com.br\/nutricao\/wp-content\/uploads\/2020\/05\/WhatsApp-Image-2020-05-04-at-1.18.52-PM-600x450.jpeg 600w, https:\/\/gruporiomedica.com.br\/nutricao\/wp-content\/uploads\/2020\/05\/WhatsApp-Image-2020-05-04-at-1.18.52-PM.jpeg 1280w\" sizes=\"auto, (max-width: 1020px) 100vw, 1020px\" \/>\t\t\t\t\t\t\n\t\t\t\t\t<\/div>\n\t\t\t\t\t\t<\/a>\t\t\n<style scope=\"scope\">\n\n#image_1341227051 {\n  width: 100%;\n}\n<\/style>\n\t<\/div>\n\t\n\n\n<\/div><\/div>\n<div class=\"col medium-6 small-12 large-6\"  ><div class=\"col-inner text-left\"  >\n\n<p style=\"text-align: justify;\"><strong><span style=\"color: #000000;\">SOBRE N\u00d3S<\/span><\/strong><br \/><span style=\"color: #000000;\">O amor pela nutri\u00e7\u00e3o \u00e9 um ideal para todos n\u00f3s da Riom\u00e9dica.<\/span><br \/><span style=\"color: #000000;\">Somos a conex\u00e3o respons\u00e1vel por promover sa\u00fade e bem-estar entre a ind\u00fastria de nutri\u00e7\u00e3o especializada, profissionais e clientes, com foco na conscientiza\u00e7\u00e3o sobre a import\u00e2ncia da terapia nutricional e da correta utiliza\u00e7\u00e3o de dietas enterais e suplementos nutricionais. <\/span><br \/><span style=\"color: #000000;\">Buscamos ser refer\u00eancia em nutri\u00e7\u00e3o e sa\u00fade em todo o Brasil, oferecendo servi\u00e7os\u00a0e produtos de excel\u00eancia e solu\u00e7\u00f5es que permitam potencializar a qualidade de vida e bem-estar de nossos clientes.<\/span><\/p>\n\n<\/div><\/div>\n\n\n<style scope=\"scope\">\n\n#row-860110216 > .col > .col-inner {\n  padding: 0px 0px 0px 0;\n}\n<\/style>\n<\/div>\n\n\t\t<\/div><!-- .section-content -->\n\n\t\t\n<style scope=\"scope\">\n\n#section_630612182 {\n  padding-top: 60px;\n  padding-bottom: 60px;\n  background-color: rgb(255, 255, 255);\n}\n#section_630612182 .section-bg-overlay {\n  background-color: rgba(255, 255, 255, 0.85);\n}\n<\/style>\n\t<\/section>\n\t\n\t<section class=\"section\" id=\"section_378449944\">\n\t\t<div class=\"bg section-bg fill bg-fill  bg-loaded\" >\n\n\t\t\t\n\t\t\t<div class=\"section-bg-overlay absolute fill\"><\/div>\n\t\t\t\n\n\t\t<\/div><!-- .section-bg -->\n\n\t\t<div class=\"section-content relative\">\n\t\t\t\n\n<div class=\"container section-title-container\" ><h3 class=\"section-title section-title-bold-center\"><b><\/b><span class=\"section-title-main\" style=\"color:rgb(143, 143, 181);\">parceiros<\/span><b><\/b><\/h3><\/div><!-- .section-title -->\n\n<div class=\"row\"  id=\"row-2815938\">\n\n<div class=\"col small-11 large-12\"  ><div class=\"col-inner text-center\"  >\n\n<div class=\"slider-wrapper relative\" id=\"slider-1486000374\" >\n    <div class=\"slider slider-nav-circle slider-nav-normal slider-nav-light slider-style-focus slider-show-nav\"\n        data-flickity-options='{\n            \"cellAlign\": \"center\",\n            \"imagesLoaded\": true,\n            \"lazyLoad\": 1,\n            \"freeScroll\": true,\n            \"wrapAround\": true,\n            \"autoPlay\": 6000,\n            \"pauseAutoPlayOnHover\" : true,\n            \"prevNextButtons\": true,\n            \"contain\" : true,\n            \"adaptiveHeight\" : true,\n            \"dragThreshold\" : 10,\n            \"percentPosition\": true,\n            \"pageDots\": false,\n            \"rightToLeft\": false,\n            \"draggable\": true,\n            \"selectedAttraction\": 0.1,\n            \"parallax\" : 0,\n            \"friction\": 0.6        }'\n        >\n        \n\n<div class=\"ux-logo has-hover align-middle ux_logo inline-block\" style=\"max-width: 100%!important; width: 270px!important\"><div class=\"ux-logo-link block image-color\" title=\"\"  href=\"\" style=\"padding: 15px;\"><img decoding=\"async\" src=\"https:\/\/gruporiomedica.com.br\/nutricao\/wp-content\/uploads\/2020\/05\/equaliv-2.jpg\" title=\"\" alt=\"\" class=\"ux-logo-image block\" style=\"height:120px;\" \/><\/div><\/div>\n\n<div class=\"ux-logo has-hover align-middle ux_logo inline-block\" style=\"max-width: 100%!important; width: 270px!important\"><div class=\"ux-logo-link block image-color\" title=\"\"  href=\"\" style=\"padding: 15px;\"><img decoding=\"async\" src=\"https:\/\/gruporiomedica.com.br\/nutricao\/wp-content\/uploads\/2020\/05\/equaliv-2-Copia-2.jpg\" title=\"\" alt=\"\" class=\"ux-logo-image block\" style=\"height:120px;\" \/><\/div><\/div>\n\n<div class=\"ux-logo has-hover align-middle ux_logo inline-block\" style=\"max-width: 100%!important; width: 270px!important\"><div class=\"ux-logo-link block image-color\" title=\"\"  href=\"\" style=\"padding: 15px;\"><img decoding=\"async\" src=\"https:\/\/gruporiomedica.com.br\/nutricao\/wp-content\/uploads\/2020\/05\/equaliv-2-Copia-3.jpg\" title=\"\" alt=\"\" class=\"ux-logo-image block\" style=\"height:120px;\" \/><\/div><\/div>\n\n<div class=\"ux-logo has-hover align-middle ux_logo inline-block\" style=\"max-width: 100%!important; width: 270px!important\"><div class=\"ux-logo-link block image-color\" title=\"\"  href=\"\" style=\"padding: 15px;\"><img decoding=\"async\" src=\"https:\/\/gruporiomedica.com.br\/nutricao\/wp-content\/uploads\/2020\/05\/equaliv-2-Copia.jpg\" title=\"\" alt=\"\" class=\"ux-logo-image block\" style=\"height:120px;\" \/><\/div><\/div>\n\n\n     <\/div>\n\n     <div class=\"loading-spin dark large centered\"><\/div>\n\n     <style scope=\"scope\">\n             <\/style>\n<\/div><!-- .ux-slider-wrapper -->\n\n\n\n<\/div><\/div>\n\n<\/div>\n\n\t\t<\/div><!-- .section-content -->\n\n\t\t\n<style scope=\"scope\">\n\n#section_378449944 {\n  padding-top: 22px;\n  padding-bottom: 22px;\n}\n#section_378449944 .section-bg-overlay {\n  background-color: rgba(255, 255, 255, 0.84);\n}\n<\/style>\n\t<\/section>\n\t\n\t<section class=\"section\" id=\"section_1576412575\">\n\t\t<div class=\"bg section-bg fill bg-fill  bg-loaded\" >\n\n\t\t\t\n\t\t\t<div class=\"section-bg-overlay absolute fill\"><\/div>\n\t\t\t\n\n\t\t<\/div><!-- .section-bg -->\n\n\t\t<div class=\"section-content relative\">\n\t\t\t\n\n\t<div id=\"gap-1540057550\" class=\"gap-element clearfix\" style=\"display:block; height:auto;\">\n\t\t\t<\/div>\n\t\n\n<div class=\"container section-title-container\" ><h3 class=\"section-title section-title-bold-center\"><b><\/b><span class=\"section-title-main\" style=\"color:rgb(143, 143, 181);\"><i class=\"icon-instagram\" ><\/i>Siga-nos no Instagram<\/span><b><\/b><\/h3><\/div><!-- .section-title -->\n\n<div class=\"row row-full-width\"  id=\"row-696626773\">\n\n<div class=\"col small-12 large-12\"  ><div class=\"col-inner\"  >\n\n\n<\/div><\/div>\n\n\n<style scope=\"scope\">\n\n<\/style>\n<\/div>\n\n\t\t<\/div><!-- .section-content -->\n\n\t\t\n<style scope=\"scope\">\n\n#section_1576412575 {\n  padding-top: 0px;\n  padding-bottom: 0px;\n}\n#section_1576412575 .section-bg-overlay {\n  background-color: rgba(255, 255, 255, 0.84);\n}\n<\/style>\n\t<\/section>\n\t\n\n","protected":false},"excerpt":{"rendered":"","protected":false},"author":1,"featured_media":0,"parent":0,"menu_order":1,"comment_status":"closed","ping_status":"closed","template":"page-blank.php","meta":{"footnotes":""},"class_list":["post-47","page","type-page","status-publish","hentry"],"_links":{"self":[{"href":"https:\/\/gruporiomedica.com.br\/nutricao\/wp-json\/wp\/v2\/pages\/47","targetHints":{"allow":["GET"]}}],"collection":[{"href":"https:\/\/gruporiomedica.com.br\/nutricao\/wp-json\/wp\/v2\/pages"}],"about":[{"href":"https:\/\/gruporiomedica.com.br\/nutricao\/wp-json\/wp\/v2\/types\/page"}],"author":[{"embeddable":true,"href":"https:\/\/gruporiomedica.com.br\/nutricao\/wp-json\/wp\/v2\/users\/1"}],"replies":[{"embeddable":true,"href":"https:\/\/gruporiomedica.com.br\/nutricao\/wp-json\/wp\/v2\/comments?post=47"}],"version-history":[{"count":229,"href":"https:\/\/gruporiomedica.com.br\/nutricao\/wp-json\/wp\/v2\/pages\/47\/revisions"}],"predecessor-version":[{"id":1012,"href":"https:\/\/gruporiomedica.com.br\/nutricao\/wp-json\/wp\/v2\/pages\/47\/revisions\/1012"}],"wp:attachment":[{"href":"https:\/\/gruporiomedica.com.br\/nutricao\/wp-json\/wp\/v2\/media?parent=47"}],"curies":[{"name":"wp","href":"https:\/\/api.w.org\/{rel}","templated":true}]}}