{"id":24,"date":"2016-08-09T14:21:14","date_gmt":"2016-08-09T14:21:14","guid":{"rendered":"http:\/\/flatsome.dev\/?page_id=8545"},"modified":"2019-10-30T21:41:13","modified_gmt":"2019-10-30T21:41:13","slug":"locacao","status":"publish","type":"page","link":"https:\/\/gruporiomedica.com.br\/locacao\/","title":{"rendered":"Loca\u00e7\u00e3o"},"content":{"rendered":"\t<section class=\"section\" id=\"section_352804317\">\n\t\t<div class=\"bg section-bg fill bg-fill  bg-loaded\" >\n\n\t\t\t\n\t\t\t\n\t\t\t\n\n\t\t<\/div><!-- .section-bg -->\n\n\t\t<div class=\"section-content relative\">\n\t\t\t\n\n  <div class=\"banner has-hover\" id=\"banner-1712908379\">\n          <div class=\"banner-inner fill\">\n        <div class=\"banner-bg fill\" >\n            <div class=\"bg fill bg-fill \"><\/div>\n                        <div class=\"overlay\"><\/div>            \n                    <\/div><!-- bg-layers -->\n        <div class=\"banner-layers container\">\n            <div class=\"fill banner-link\"><\/div>            \n   <div id=\"text-box-671167778\" class=\"text-box banner-layer x0 md-x0 lg-x0 y50 md-y50 lg-y50 res-text\">\n                                <div class=\"text box-shadow-3\">\n              \n              <div class=\"text-inner text-left\">\n                  \n<h3><span style=\"font-family: rrrrr;\">Preencha o formul\u00e1rio de loca\u00e7\u00e3o e entraremos em contato.<\/span><\/h3>\n\n<div class=\"wpcf7 no-js\" id=\"wpcf7-f11-o1\" lang=\"en-US\" dir=\"ltr\" data-wpcf7-id=\"11\">\n<div class=\"screen-reader-response\"><p role=\"status\" aria-live=\"polite\" aria-atomic=\"true\"><\/p> <ul><\/ul><\/div>\n<form action=\"\/locacao\/wp-json\/wp\/v2\/pages\/24#wpcf7-f11-o1\" method=\"post\" class=\"wpcf7-form init\" aria-label=\"Contact form\" novalidate=\"novalidate\" data-status=\"init\">\n<fieldset class=\"hidden-fields-container\"><input type=\"hidden\" name=\"_wpcf7\" value=\"11\" \/><input type=\"hidden\" name=\"_wpcf7_version\" value=\"6.1\" \/><input type=\"hidden\" name=\"_wpcf7_locale\" value=\"en_US\" \/><input type=\"hidden\" name=\"_wpcf7_unit_tag\" value=\"wpcf7-f11-o1\" \/><input type=\"hidden\" name=\"_wpcf7_container_post\" value=\"0\" \/><input type=\"hidden\" name=\"_wpcf7_posted_data_hash\" value=\"\" \/>\n<\/fieldset>\n<p><label>Nome<\/label><br \/>\n<span class=\"wpcf7-form-control-wrap\" data-name=\"your-name\"><input size=\"40\" maxlength=\"400\" class=\"wpcf7-form-control wpcf7-text wpcf7-validates-as-required\" aria-required=\"true\" aria-invalid=\"false\" value=\"\" type=\"text\" name=\"your-name\" \/><\/span>\n<\/p>\n<p><label>Telefone \/ WhatsApp<\/label><br \/>\n<span class=\"wpcf7-form-control-wrap\" data-name=\"your-tel\"><input size=\"40\" maxlength=\"400\" class=\"wpcf7-form-control wpcf7-tel wpcf7-validates-as-required wpcf7-text wpcf7-validates-as-tel\" aria-required=\"true\" aria-invalid=\"false\" value=\"\" type=\"tel\" name=\"your-tel\" \/><\/span>\n<\/p>\n<p><label>Email<\/label><br \/>\n<span class=\"wpcf7-form-control-wrap\" data-name=\"your-email\"><input size=\"40\" maxlength=\"400\" class=\"wpcf7-form-control wpcf7-email wpcf7-validates-as-required wpcf7-text wpcf7-validates-as-email\" aria-required=\"true\" aria-invalid=\"false\" value=\"\" type=\"email\" name=\"your-email\" \/><\/span>\n<\/p>\n<p><label>Interesse<\/label><br \/>\n<span class=\"wpcf7-form-control-wrap\" data-name=\"opesdodia\"><select class=\"wpcf7-form-control wpcf7-select wpcf7-validates-as-required\" aria-required=\"true\" aria-invalid=\"false\" name=\"opesdodia\"><option value=\"Cadeira de rodas\">Cadeira de rodas<\/option><option value=\"Cadeira higi\u00eanica\">Cadeira higi\u00eanica<\/option><option value=\"Guincho\">Guincho<\/option><option value=\"Cama hospitalar\">Cama hospitalar<\/option><option value=\"Muleta\">Muleta<\/option><option value=\"Andador\">Andador<\/option><option value=\"Bengala\">Bengala<\/option><option value=\"Suporte para soro\">Suporte para soro<\/option><option value=\"Outros\">Outros<\/option><\/select><\/span>\n<\/p>\n<p><input class=\"wpcf7-form-control wpcf7-submit has-spinner button\" type=\"submit\" value=\"Solicitar agora!\" \/>\n<\/p><div class=\"wpcf7-response-output\" aria-hidden=\"true\"><\/div>\n<\/form>\n<\/div>\n\n              <\/div>\n           <\/div><!-- text-box-inner -->\n                            \n<style scope=\"scope\">\n\n#text-box-671167778 .text {\n  background-color: rgba(255, 255, 255, 0.8);\n  font-size: 85%;\n}\n#text-box-671167778 .text-inner {\n  padding: 30px 30px 30px 30px;\n}\n#text-box-671167778 {\n  width: 60%;\n}\n\n\n@media (min-width:550px) {\n\n  #text-box-671167778 {\n    width: 42%;\n  }\n\n}\n<\/style>\n    <\/div><!-- text-box -->\n \n        <\/div><!-- .banner-layers -->\n      <\/div><!-- .banner-inner -->\n\n            \n<style scope=\"scope\">\n\n#banner-1712908379 {\n  padding-top: 700px;\n  background-color: rgb(255, 255, 255);\n}\n#banner-1712908379 .bg.bg-loaded {\n  background-image: url(https:\/\/gruporiomedica.com.br\/locacao\/wp-content\/uploads\/2019\/10\/WhatsApp-Image-2019-10-28-at-9.56.10-PM-1200x800.jpeg);\n}\n#banner-1712908379 .overlay {\n  background-color: rgba(190, 190, 190, 0.2);\n}\n#banner-1712908379 .bg {\n  background-position: 0% 50%;\n}\n<\/style>\n  <\/div><!-- .banner -->\n\n\n\t\t<\/div><!-- .section-content -->\n\n\t\t\n<style scope=\"scope\">\n\n#section_352804317 {\n  padding-top: 0px;\n  padding-bottom: 0px;\n}\n<\/style>\n\t<\/section>\n\t\n\t<section class=\"section\" id=\"section_1395095988\">\n\t\t<div class=\"bg section-bg fill bg-fill  bg-loaded\" >\n\n\t\t\t\n\t\t\t<div class=\"section-bg-overlay absolute fill\"><\/div>\n\t\t\t\n\n\t\t<\/div><!-- .section-bg -->\n\n\t\t<div class=\"section-content relative\">\n\t\t\t\n<div class=\"row\"  id=\"row-1262622241\">\n<div class=\"col small-12 large-12\"  ><div class=\"col-inner\"  >\n\t<div id=\"gap-1691113985\" class=\"gap-element clearfix\" style=\"display:block; height:auto;\">\n\t\t\t<\/div>\n\t\n<h4 class=\"font_8\" style=\"text-align: justify;\"><span style=\"color: #808080; font-family: rrrrr;\">A Riom\u00e9dica, empresa h\u00e1 mais de 50 anos no mercado, oferece \u00e0 voc\u00ea ou a sua empresa a possibilidade de agregar valor aos benef\u00edcios oferecidos aos seus colaboradores. De forma simples e com baixo custo &#8211; ou mesmo nenhum, dependendo da estrat\u00e9gia adotada pela empresa &#8211; seus colaboradores poder\u00e3o contar com equipamentos hospitalares para reabilita\u00e7\u00e3o residencial e acess\u00f3rios ortop\u00e9dicos, auxiliando de maneira eficiente sua recupera\u00e7\u00e3o e garantindo um retorno mais breve e efetivo ao trabalho.<\/span><\/h4>\n<h4 class=\"font_8\" style=\"text-align: justify;\"><span style=\"color: #808080; font-family: rrrrr;\">Conte com o plano Loca\u00e7\u00e3o F\u00e1cil Riom\u00e9dica e d\u00ea mais tranquilidade e satisfa\u00e7\u00e3o aos seus colaboradores.<\/span><\/h4>\n<h4 class=\"font_8\" style=\"text-align: justify;\"><span style=\"color: #808080; font-family: rrrrr;\">Atrav\u00e9s de um plano mensal, o usu\u00e1rio tem acesso aos itens mais necess\u00e1rios para uma reabilita\u00e7\u00e3o residencial plena, sem que isso se torne algo honeroso para ele ou mesmo para o plano (atrav\u00e9s de interna\u00e7\u00f5es e consultas).<\/span><\/h4>\n<\/div><\/div>\n<\/div>\n\t\t<\/div><!-- .section-content -->\n\n\t\t\n<style scope=\"scope\">\n\n#section_1395095988 {\n  padding-top: 0px;\n  padding-bottom: 0px;\n  background-color: rgb(247, 247, 247);\n}\n#section_1395095988 .section-bg-overlay {\n  background-color: rgba(255, 255, 255, 0.85);\n}\n<\/style>\n\t<\/section>\n\t\n<div class=\"row\"  id=\"row-740951920\">\n<div class=\"col medium-3 small-6 large-3\"  ><div class=\"col-inner\"  >\n\t<div class=\"img has-hover x md-x lg-x y md-y lg-y\" id=\"image_69249944\">\n\t\t\t\t\t\t\t\t<div class=\"img-inner dark\" >\n\t\t\t<img loading=\"lazy\" decoding=\"async\" width=\"500\" height=\"500\" src=\"https:\/\/gruporiomedica.com.br\/locacao\/wp-content\/uploads\/2019\/10\/cadeira-de-rodas-luxo-riomedica-rio-preto-locacao.jpg\" class=\"attachment-large size-large\" alt=\"\" srcset=\"https:\/\/gruporiomedica.com.br\/locacao\/wp-content\/uploads\/2019\/10\/cadeira-de-rodas-luxo-riomedica-rio-preto-locacao.jpg 500w, https:\/\/gruporiomedica.com.br\/locacao\/wp-content\/uploads\/2019\/10\/cadeira-de-rodas-luxo-riomedica-rio-preto-locacao-280x280.jpg 280w, https:\/\/gruporiomedica.com.br\/locacao\/wp-content\/uploads\/2019\/10\/cadeira-de-rodas-luxo-riomedica-rio-preto-locacao-400x400.jpg 400w, https:\/\/gruporiomedica.com.br\/locacao\/wp-content\/uploads\/2019\/10\/cadeira-de-rodas-luxo-riomedica-rio-preto-locacao-300x300.jpg 300w, https:\/\/gruporiomedica.com.br\/locacao\/wp-content\/uploads\/2019\/10\/cadeira-de-rodas-luxo-riomedica-rio-preto-locacao-100x100.jpg 100w\" sizes=\"auto, (max-width: 500px) 100vw, 500px\" \/>\t\t\t\t\t\t\n\t\t\t\t\t<\/div>\n\t\t\t\t\t\t\t\t\n<style scope=\"scope\">\n\n#image_69249944 {\n  width: 100%;\n}\n<\/style>\n\t<\/div>\n\t\n<\/div><\/div>\n<div class=\"col medium-3 small-6 large-3\"  ><div class=\"col-inner\"  >\n\t<div class=\"img has-hover x md-x lg-x y md-y lg-y\" id=\"image_1141929514\">\n\t\t\t\t\t\t\t\t<div class=\"img-inner dark\" >\n\t\t\t<img loading=\"lazy\" decoding=\"async\" width=\"487\" height=\"501\" src=\"https:\/\/gruporiomedica.com.br\/locacao\/wp-content\/uploads\/2019\/10\/cadeira-debanh-locacao-riomedica-sao-jose-do-rio-preto.png\" class=\"attachment-large size-large\" alt=\"\" srcset=\"https:\/\/gruporiomedica.com.br\/locacao\/wp-content\/uploads\/2019\/10\/cadeira-debanh-locacao-riomedica-sao-jose-do-rio-preto.png 487w, https:\/\/gruporiomedica.com.br\/locacao\/wp-content\/uploads\/2019\/10\/cadeira-debanh-locacao-riomedica-sao-jose-do-rio-preto-389x400.png 389w\" sizes=\"auto, (max-width: 487px) 100vw, 487px\" \/>\t\t\t\t\t\t\n\t\t\t\t\t<\/div>\n\t\t\t\t\t\t\t\t\n<style scope=\"scope\">\n\n#image_1141929514 {\n  width: 100%;\n}\n<\/style>\n\t<\/div>\n\t\n<\/div><\/div>\n<div class=\"col medium-3 small-6 large-3\"  ><div class=\"col-inner\"  >\n\t<div class=\"img has-hover x md-x lg-x y md-y lg-y\" id=\"image_1743055643\">\n\t\t\t\t\t\t\t\t<div class=\"img-inner dark\" >\n\t\t\t<img loading=\"lazy\" decoding=\"async\" width=\"500\" height=\"500\" src=\"https:\/\/gruporiomedica.com.br\/locacao\/wp-content\/uploads\/2019\/10\/locacao-de-andador-idoso-riomedica-sao-jose-do-rio-preto.jpg\" class=\"attachment-large size-large\" alt=\"\" srcset=\"https:\/\/gruporiomedica.com.br\/locacao\/wp-content\/uploads\/2019\/10\/locacao-de-andador-idoso-riomedica-sao-jose-do-rio-preto.jpg 500w, https:\/\/gruporiomedica.com.br\/locacao\/wp-content\/uploads\/2019\/10\/locacao-de-andador-idoso-riomedica-sao-jose-do-rio-preto-280x280.jpg 280w, https:\/\/gruporiomedica.com.br\/locacao\/wp-content\/uploads\/2019\/10\/locacao-de-andador-idoso-riomedica-sao-jose-do-rio-preto-400x400.jpg 400w, https:\/\/gruporiomedica.com.br\/locacao\/wp-content\/uploads\/2019\/10\/locacao-de-andador-idoso-riomedica-sao-jose-do-rio-preto-300x300.jpg 300w, https:\/\/gruporiomedica.com.br\/locacao\/wp-content\/uploads\/2019\/10\/locacao-de-andador-idoso-riomedica-sao-jose-do-rio-preto-100x100.jpg 100w\" sizes=\"auto, (max-width: 500px) 100vw, 500px\" \/>\t\t\t\t\t\t\n\t\t\t\t\t<\/div>\n\t\t\t\t\t\t\t\t\n<style scope=\"scope\">\n\n#image_1743055643 {\n  width: 100%;\n}\n<\/style>\n\t<\/div>\n\t\n<\/div><\/div>\n<div class=\"col medium-3 small-6 large-3\"  ><div class=\"col-inner\"  >\n\t<div class=\"img has-hover x md-x lg-x y md-y lg-y\" id=\"image_2075452626\">\n\t\t\t\t\t\t\t\t<div class=\"img-inner dark\" >\n\t\t\t<img loading=\"lazy\" decoding=\"async\" width=\"800\" height=\"800\" src=\"https:\/\/gruporiomedica.com.br\/locacao\/wp-content\/uploads\/2019\/10\/Cama-Hospitalar-riomedica-riopreto-800x800.jpeg\" class=\"attachment-large size-large\" alt=\"\" srcset=\"https:\/\/gruporiomedica.com.br\/locacao\/wp-content\/uploads\/2019\/10\/Cama-Hospitalar-riomedica-riopreto-800x800.jpeg 800w, https:\/\/gruporiomedica.com.br\/locacao\/wp-content\/uploads\/2019\/10\/Cama-Hospitalar-riomedica-riopreto-280x280.jpeg 280w, https:\/\/gruporiomedica.com.br\/locacao\/wp-content\/uploads\/2019\/10\/Cama-Hospitalar-riomedica-riopreto-400x400.jpeg 400w, https:\/\/gruporiomedica.com.br\/locacao\/wp-content\/uploads\/2019\/10\/Cama-Hospitalar-riomedica-riopreto-768x768.jpeg 768w, https:\/\/gruporiomedica.com.br\/locacao\/wp-content\/uploads\/2019\/10\/Cama-Hospitalar-riomedica-riopreto-300x300.jpeg 300w, https:\/\/gruporiomedica.com.br\/locacao\/wp-content\/uploads\/2019\/10\/Cama-Hospitalar-riomedica-riopreto-600x600.jpeg 600w, https:\/\/gruporiomedica.com.br\/locacao\/wp-content\/uploads\/2019\/10\/Cama-Hospitalar-riomedica-riopreto-100x100.jpeg 100w, https:\/\/gruporiomedica.com.br\/locacao\/wp-content\/uploads\/2019\/10\/Cama-Hospitalar-riomedica-riopreto.jpeg 1000w\" sizes=\"auto, (max-width: 800px) 100vw, 800px\" \/>\t\t\t\t\t\t\n\t\t\t\t\t<\/div>\n\t\t\t\t\t\t\t\t\n<style scope=\"scope\">\n\n#image_2075452626 {\n  width: 100%;\n}\n<\/style>\n\t<\/div>\n\t\n<\/div><\/div>\n<\/div>\n","protected":false},"excerpt":{"rendered":"","protected":false},"author":1,"featured_media":0,"parent":0,"menu_order":0,"comment_status":"closed","ping_status":"closed","template":"page-blank.php","meta":{"_monsterinsights_skip_tracking":false,"_monsterinsights_sitenote_active":false,"_monsterinsights_sitenote_note":"","_monsterinsights_sitenote_category":0,"footnotes":""},"class_list":["post-24","page","type-page","status-publish","hentry"],"_links":{"self":[{"href":"https:\/\/gruporiomedica.com.br\/locacao\/wp-json\/wp\/v2\/pages\/24","targetHints":{"allow":["GET"]}}],"collection":[{"href":"https:\/\/gruporiomedica.com.br\/locacao\/wp-json\/wp\/v2\/pages"}],"about":[{"href":"https:\/\/gruporiomedica.com.br\/locacao\/wp-json\/wp\/v2\/types\/page"}],"author":[{"embeddable":true,"href":"https:\/\/gruporiomedica.com.br\/locacao\/wp-json\/wp\/v2\/users\/1"}],"replies":[{"embeddable":true,"href":"https:\/\/gruporiomedica.com.br\/locacao\/wp-json\/wp\/v2\/comments?post=24"}],"version-history":[{"count":41,"href":"https:\/\/gruporiomedica.com.br\/locacao\/wp-json\/wp\/v2\/pages\/24\/revisions"}],"predecessor-version":[{"id":797,"href":"https:\/\/gruporiomedica.com.br\/locacao\/wp-json\/wp\/v2\/pages\/24\/revisions\/797"}],"wp:attachment":[{"href":"https:\/\/gruporiomedica.com.br\/locacao\/wp-json\/wp\/v2\/media?parent=24"}],"curies":[{"name":"wp","href":"https:\/\/api.w.org\/{rel}","templated":true}]}}